{"id":13,"date":"2025-02-27T14:32:25","date_gmt":"2025-02-27T14:32:25","guid":{"rendered":"https:\/\/www.pesotec.fi\/?page_id=13"},"modified":"2025-05-26T13:34:28","modified_gmt":"2025-05-26T13:34:28","slug":"koti","status":"publish","type":"page","link":"https:\/\/www.pesotec.fi\/","title":{"rendered":"Lvi-suunnittelija Rovaniemi"},"content":{"rendered":"\n<div class=\"wp-block-cover alignfull is-light hestia-clear-top-padding\"><span aria-hidden=\"true\" class=\"wp-block-cover__background has-white-background-color has-background-dim-100 has-background-dim\"><\/span><div class=\"wp-block-cover__inner-container is-layout-flow wp-block-cover-is-layout-flow\">\n<h2 class=\"wp-block-heading has-text-align-center has-text-color\" style=\"color:#3c4858\">Hyvi\u00e4 syit\u00e4 valita Pesotec Oy<\/h2>\n\n\n\n<div style=\"height:40px\" aria-hidden=\"true\" class=\"wp-block-spacer\"><\/div>\n\n\n\n<div class=\"wp-block-columns container is-layout-flex wp-container-core-columns-is-layout-28f84493 wp-block-columns-is-layout-flex\">\n<div class=\"wp-block-column is-layout-flow wp-block-column-is-layout-flow\"><div class=\"wp-block-image\">\n<figure class=\"aligncenter size-large is-resized\"><img loading=\"lazy\" decoding=\"async\" width=\"1024\" height=\"1024\" src=\"http:\/\/www.pesotec.fi\/wp-content\/uploads\/2025\/02\/pngtree-vector-design-deadline-icon-style-png-image_8946861-1024x1024.png\" alt=\"\" class=\"wp-image-63\" style=\"width:102px;height:auto\" srcset=\"https:\/\/www.pesotec.fi\/wp-content\/uploads\/2025\/02\/pngtree-vector-design-deadline-icon-style-png-image_8946861-1024x1024.png 1024w, https:\/\/www.pesotec.fi\/wp-content\/uploads\/2025\/02\/pngtree-vector-design-deadline-icon-style-png-image_8946861-300x300.png 300w, https:\/\/www.pesotec.fi\/wp-content\/uploads\/2025\/02\/pngtree-vector-design-deadline-icon-style-png-image_8946861-150x150.png 150w, https:\/\/www.pesotec.fi\/wp-content\/uploads\/2025\/02\/pngtree-vector-design-deadline-icon-style-png-image_8946861-768x768.png 768w, https:\/\/www.pesotec.fi\/wp-content\/uploads\/2025\/02\/pngtree-vector-design-deadline-icon-style-png-image_8946861.png 1200w\" sizes=\"auto, (max-width: 1024px) 100vw, 1024px\" \/><\/figure><\/div>\n\n\n<h5 class=\"wp-block-heading has-text-align-center has-text-color\" style=\"color:#3c4858;font-size:18px\">Tehokkuus<\/h5>\n\n\n\n<p class=\"has-text-align-center has-text-color\" style=\"color:#999999;font-size:14px\">Kokonaisvaltainen ymm\u00e4rrys prosessista. Samat henkil\u00f6t jotka tapaat katselmuksissa, hoitavat koko suunnitteluhankkeenne loppuun saakka.<\/p>\n\n\n\n<div style=\"height:25px\" aria-hidden=\"true\" class=\"wp-block-spacer\"><\/div>\n<\/div>\n\n\n\n<div class=\"wp-block-column is-layout-flow wp-block-column-is-layout-flow\"><div class=\"wp-block-image\">\n<figure class=\"aligncenter size-full is-resized\"><img loading=\"lazy\" decoding=\"async\" width=\"612\" height=\"612\" src=\"https:\/\/www.pesotec.fi\/wp-content\/uploads\/2025\/02\/istockphoto-1299755243-612x612-1.jpg\" alt=\"\" class=\"wp-image-65\" style=\"width:102px;height:auto\" srcset=\"https:\/\/www.pesotec.fi\/wp-content\/uploads\/2025\/02\/istockphoto-1299755243-612x612-1.jpg 612w, https:\/\/www.pesotec.fi\/wp-content\/uploads\/2025\/02\/istockphoto-1299755243-612x612-1-300x300.jpg 300w, https:\/\/www.pesotec.fi\/wp-content\/uploads\/2025\/02\/istockphoto-1299755243-612x612-1-150x150.jpg 150w\" sizes=\"auto, (max-width: 612px) 100vw, 612px\" \/><\/figure><\/div>\n\n\n<h5 class=\"wp-block-heading has-text-align-center has-text-color\" style=\"color:#3c4858;font-size:18px\">Kokemus<\/h5>\n\n\n\n<p class=\"has-text-align-center has-text-color\" style=\"color:#999999;font-size:14px\">Olemme toimineet suunnittelijana suurissa hotellihankkeissa, kuin pienemmiss\u00e4kin l\u00e4mmitysmuotojen muutoshankkeissa omakotikohteissa.<\/p>\n\n\n\n<div style=\"height:25px\" aria-hidden=\"true\" class=\"wp-block-spacer\"><\/div>\n<\/div>\n\n\n\n<div class=\"wp-block-column is-layout-flow wp-block-column-is-layout-flow\"><div class=\"wp-block-image\">\n<figure class=\"aligncenter size-full is-resized\"><img loading=\"lazy\" decoding=\"async\" width=\"512\" height=\"512\" src=\"https:\/\/www.pesotec.fi\/wp-content\/uploads\/2025\/02\/free-quality-icon-3601-thumb.png\" alt=\"\" class=\"wp-image-66\" style=\"width:100px;height:auto\" srcset=\"https:\/\/www.pesotec.fi\/wp-content\/uploads\/2025\/02\/free-quality-icon-3601-thumb.png 512w, https:\/\/www.pesotec.fi\/wp-content\/uploads\/2025\/02\/free-quality-icon-3601-thumb-300x300.png 300w, https:\/\/www.pesotec.fi\/wp-content\/uploads\/2025\/02\/free-quality-icon-3601-thumb-150x150.png 150w\" sizes=\"auto, (max-width: 512px) 100vw, 512px\" \/><\/figure><\/div>\n\n\n<h5 class=\"wp-block-heading has-text-align-center has-text-color\" style=\"color:#3c4858;font-size:18px\">Laatu<\/h5>\n\n\n\n<p class=\"has-text-align-center has-text-color\" style=\"color:#999999;font-size:14px\">Laatu ja pit\u00e4v\u00e4t aikataulut ovat toimintamme ykk\u00f6sasia. Toteutamme hankkeesi suunnittelun laadukkaasti, paikallisesti ja aikataulussa.<\/p>\n\n\n\n<div style=\"height:25px\" aria-hidden=\"true\" class=\"wp-block-spacer\"><\/div>\n<\/div>\n<\/div>\n\n\n\n<div style=\"height:40px\" aria-hidden=\"true\" class=\"wp-block-spacer\"><\/div>\n<\/div><\/div>\n\n\n\n<div class=\"wp-block-columns container is-layout-flex wp-container-core-columns-is-layout-28f84493 wp-block-columns-is-layout-flex\">\n<div class=\"wp-block-column col-md-5 is-layout-flow wp-block-column-is-layout-flow\">\n<div style=\"height:55px\" aria-hidden=\"true\" class=\"wp-block-spacer\"><\/div>\n\n\n\n<h2 class=\"wp-block-heading\">Referenssej\u00e4<\/h2>\n\n\n\n<p>T\u00e4\u00e4lt\u00e4 p\u00e4\u00e4set tulevaisuudessa n\u00e4kem\u00e4\u00e4n kuvia aiemmin suunnittelemistamme kohteista.<\/p>\n<\/div>\n\n\n\n<div class=\"wp-block-column col-md-6 col-md-offset1 is-layout-flow wp-block-column-is-layout-flow\">\n<div style=\"height:55px\" aria-hidden=\"true\" class=\"wp-block-spacer\"><\/div>\n\n\n\n<figure class=\"wp-block-image size-full is-resized\"><img loading=\"lazy\" decoding=\"async\" width=\"900\" height=\"473\" src=\"https:\/\/www.pesotec.fi\/wp-content\/uploads\/2025\/02\/lvicad.png\" alt=\"\" class=\"wp-image-70\" style=\"width:393px;height:auto\" srcset=\"https:\/\/www.pesotec.fi\/wp-content\/uploads\/2025\/02\/lvicad.png 900w, https:\/\/www.pesotec.fi\/wp-content\/uploads\/2025\/02\/lvicad-300x158.png 300w, https:\/\/www.pesotec.fi\/wp-content\/uploads\/2025\/02\/lvicad-768x404.png 768w\" sizes=\"auto, (max-width: 900px) 100vw, 900px\" \/><\/figure>\n\n\n\n<p><\/p>\n<\/div>\n<\/div>\n","protected":false},"excerpt":{"rendered":"<p>Referenssej\u00e4 T\u00e4\u00e4lt\u00e4 p\u00e4\u00e4set tulevaisuudessa n\u00e4kem\u00e4\u00e4n kuvia aiemmin suunnittelemistamme kohteista.<\/p>\n","protected":false},"author":1,"featured_media":55,"parent":0,"menu_order":0,"comment_status":"closed","ping_status":"closed","template":"","meta":{"_themeisle_gutenberg_block_has_review":false,"footnotes":""},"class_list":["post-13","page","type-page","status-publish","has-post-thumbnail","hentry"],"yoast_head":"<!-- This site is optimized with the Yoast SEO plugin v27.5 - https:\/\/yoast.com\/product\/yoast-seo-wordpress\/ -->\n<title>Lvi-suunnittelija Rovaniemi - Pesotec Oy LVI-suunnittelu Ivalo Rovaniemi<\/title>\n<meta name=\"robots\" content=\"index, follow, max-snippet:-1, max-image-preview:large, max-video-preview:-1\" \/>\n<link rel=\"canonical\" href=\"https:\/\/www.pesotec.fi\/\" \/>\n<meta property=\"og:locale\" content=\"fi_FI\" \/>\n<meta property=\"og:type\" content=\"article\" \/>\n<meta property=\"og:title\" content=\"Lvi-suunnittelija Rovaniemi - Pesotec Oy LVI-suunnittelu Ivalo Rovaniemi\" \/>\n<meta property=\"og:description\" content=\"Referenssej\u00e4 T\u00e4\u00e4lt\u00e4 p\u00e4\u00e4set tulevaisuudessa n\u00e4kem\u00e4\u00e4n kuvia aiemmin suunnittelemistamme kohteista.\" \/>\n<meta property=\"og:url\" content=\"https:\/\/www.pesotec.fi\/\" \/>\n<meta property=\"og:site_name\" content=\"Pesotec Oy LVI-suunnittelu Ivalo Rovaniemi\" \/>\n<meta property=\"article:modified_time\" content=\"2025-05-26T13:34:28+00:00\" \/>\n<meta property=\"og:image\" content=\"https:\/\/www.pesotec.fi\/wp-content\/uploads\/2025\/02\/Pesotec.png\" \/>\n\t<meta property=\"og:image:width\" content=\"1920\" \/>\n\t<meta property=\"og:image:height\" content=\"1080\" \/>\n\t<meta property=\"og:image:type\" content=\"image\/png\" \/>\n<meta name=\"twitter:card\" content=\"summary_large_image\" \/>\n<meta name=\"twitter:label1\" content=\"Arvioitu lukuaika\" \/>\n\t<meta name=\"twitter:data1\" content=\"2 minuuttia\" \/>\n<script type=\"application\/ld+json\" class=\"yoast-schema-graph\">{\"@context\":\"https:\\\/\\\/schema.org\",\"@graph\":[{\"@type\":\"WebPage\",\"@id\":\"https:\\\/\\\/www.pesotec.fi\\\/\",\"url\":\"https:\\\/\\\/www.pesotec.fi\\\/\",\"name\":\"Lvi-suunnittelija Rovaniemi - Pesotec Oy LVI-suunnittelu Ivalo Rovaniemi\",\"isPartOf\":{\"@id\":\"https:\\\/\\\/www.pesotec.fi\\\/#website\"},\"primaryImageOfPage\":{\"@id\":\"https:\\\/\\\/www.pesotec.fi\\\/#primaryimage\"},\"image\":{\"@id\":\"https:\\\/\\\/www.pesotec.fi\\\/#primaryimage\"},\"thumbnailUrl\":\"https:\\\/\\\/www.pesotec.fi\\\/wp-content\\\/uploads\\\/2025\\\/02\\\/Pesotec.png\",\"datePublished\":\"2025-02-27T14:32:25+00:00\",\"dateModified\":\"2025-05-26T13:34:28+00:00\",\"breadcrumb\":{\"@id\":\"https:\\\/\\\/www.pesotec.fi\\\/#breadcrumb\"},\"inLanguage\":\"fi\",\"potentialAction\":[{\"@type\":\"ReadAction\",\"target\":[\"https:\\\/\\\/www.pesotec.fi\\\/\"]}]},{\"@type\":\"ImageObject\",\"inLanguage\":\"fi\",\"@id\":\"https:\\\/\\\/www.pesotec.fi\\\/#primaryimage\",\"url\":\"https:\\\/\\\/www.pesotec.fi\\\/wp-content\\\/uploads\\\/2025\\\/02\\\/Pesotec.png\",\"contentUrl\":\"https:\\\/\\\/www.pesotec.fi\\\/wp-content\\\/uploads\\\/2025\\\/02\\\/Pesotec.png\",\"width\":1920,\"height\":1080},{\"@type\":\"BreadcrumbList\",\"@id\":\"https:\\\/\\\/www.pesotec.fi\\\/#breadcrumb\",\"itemListElement\":[{\"@type\":\"ListItem\",\"position\":1,\"name\":\"Etusivu\",\"item\":\"https:\\\/\\\/www.pesotec.fi\\\/\"},{\"@type\":\"ListItem\",\"position\":2,\"name\":\"Lvi-suunnittelija Rovaniemi\"}]},{\"@type\":\"WebSite\",\"@id\":\"https:\\\/\\\/www.pesotec.fi\\\/#website\",\"url\":\"https:\\\/\\\/www.pesotec.fi\\\/\",\"name\":\"LVI-suunnittelua Pohjois-Suomessa\",\"description\":\"Tehokasta LVI-suunnittelua pieniin ja suuriin kohteisiin\",\"publisher\":{\"@id\":\"https:\\\/\\\/www.pesotec.fi\\\/#organization\"},\"potentialAction\":[{\"@type\":\"SearchAction\",\"target\":{\"@type\":\"EntryPoint\",\"urlTemplate\":\"https:\\\/\\\/www.pesotec.fi\\\/?s={search_term_string}\"},\"query-input\":{\"@type\":\"PropertyValueSpecification\",\"valueRequired\":true,\"valueName\":\"search_term_string\"}}],\"inLanguage\":\"fi\"},{\"@type\":\"Organization\",\"@id\":\"https:\\\/\\\/www.pesotec.fi\\\/#organization\",\"name\":\"LVI-suunnittelu Pesotec Oy\",\"url\":\"https:\\\/\\\/www.pesotec.fi\\\/\",\"logo\":{\"@type\":\"ImageObject\",\"inLanguage\":\"fi\",\"@id\":\"https:\\\/\\\/www.pesotec.fi\\\/#\\\/schema\\\/logo\\\/image\\\/\",\"url\":\"https:\\\/\\\/www.pesotec.fi\\\/wp-content\\\/uploads\\\/2025\\\/05\\\/cropped-Artboard-5512-e1748263659590.png\",\"contentUrl\":\"https:\\\/\\\/www.pesotec.fi\\\/wp-content\\\/uploads\\\/2025\\\/05\\\/cropped-Artboard-5512-e1748263659590.png\",\"width\":400,\"height\":112,\"caption\":\"LVI-suunnittelu Pesotec Oy\"},\"image\":{\"@id\":\"https:\\\/\\\/www.pesotec.fi\\\/#\\\/schema\\\/logo\\\/image\\\/\"}}]}<\/script>\n<!-- \/ Yoast SEO plugin. -->","yoast_head_json":{"title":"Lvi-suunnittelija Rovaniemi - Pesotec Oy LVI-suunnittelu Ivalo Rovaniemi","robots":{"index":"index","follow":"follow","max-snippet":"max-snippet:-1","max-image-preview":"max-image-preview:large","max-video-preview":"max-video-preview:-1"},"canonical":"https:\/\/www.pesotec.fi\/","og_locale":"fi_FI","og_type":"article","og_title":"Lvi-suunnittelija Rovaniemi - Pesotec Oy LVI-suunnittelu Ivalo Rovaniemi","og_description":"Referenssej\u00e4 T\u00e4\u00e4lt\u00e4 p\u00e4\u00e4set tulevaisuudessa n\u00e4kem\u00e4\u00e4n kuvia aiemmin suunnittelemistamme kohteista.","og_url":"https:\/\/www.pesotec.fi\/","og_site_name":"Pesotec Oy LVI-suunnittelu Ivalo Rovaniemi","article_modified_time":"2025-05-26T13:34:28+00:00","og_image":[{"width":1920,"height":1080,"url":"https:\/\/www.pesotec.fi\/wp-content\/uploads\/2025\/02\/Pesotec.png","type":"image\/png"}],"twitter_card":"summary_large_image","twitter_misc":{"Arvioitu lukuaika":"2 minuuttia"},"schema":{"@context":"https:\/\/schema.org","@graph":[{"@type":"WebPage","@id":"https:\/\/www.pesotec.fi\/","url":"https:\/\/www.pesotec.fi\/","name":"Lvi-suunnittelija Rovaniemi - Pesotec Oy LVI-suunnittelu Ivalo Rovaniemi","isPartOf":{"@id":"https:\/\/www.pesotec.fi\/#website"},"primaryImageOfPage":{"@id":"https:\/\/www.pesotec.fi\/#primaryimage"},"image":{"@id":"https:\/\/www.pesotec.fi\/#primaryimage"},"thumbnailUrl":"https:\/\/www.pesotec.fi\/wp-content\/uploads\/2025\/02\/Pesotec.png","datePublished":"2025-02-27T14:32:25+00:00","dateModified":"2025-05-26T13:34:28+00:00","breadcrumb":{"@id":"https:\/\/www.pesotec.fi\/#breadcrumb"},"inLanguage":"fi","potentialAction":[{"@type":"ReadAction","target":["https:\/\/www.pesotec.fi\/"]}]},{"@type":"ImageObject","inLanguage":"fi","@id":"https:\/\/www.pesotec.fi\/#primaryimage","url":"https:\/\/www.pesotec.fi\/wp-content\/uploads\/2025\/02\/Pesotec.png","contentUrl":"https:\/\/www.pesotec.fi\/wp-content\/uploads\/2025\/02\/Pesotec.png","width":1920,"height":1080},{"@type":"BreadcrumbList","@id":"https:\/\/www.pesotec.fi\/#breadcrumb","itemListElement":[{"@type":"ListItem","position":1,"name":"Etusivu","item":"https:\/\/www.pesotec.fi\/"},{"@type":"ListItem","position":2,"name":"Lvi-suunnittelija Rovaniemi"}]},{"@type":"WebSite","@id":"https:\/\/www.pesotec.fi\/#website","url":"https:\/\/www.pesotec.fi\/","name":"LVI-suunnittelua Pohjois-Suomessa","description":"Tehokasta LVI-suunnittelua pieniin ja suuriin kohteisiin","publisher":{"@id":"https:\/\/www.pesotec.fi\/#organization"},"potentialAction":[{"@type":"SearchAction","target":{"@type":"EntryPoint","urlTemplate":"https:\/\/www.pesotec.fi\/?s={search_term_string}"},"query-input":{"@type":"PropertyValueSpecification","valueRequired":true,"valueName":"search_term_string"}}],"inLanguage":"fi"},{"@type":"Organization","@id":"https:\/\/www.pesotec.fi\/#organization","name":"LVI-suunnittelu Pesotec Oy","url":"https:\/\/www.pesotec.fi\/","logo":{"@type":"ImageObject","inLanguage":"fi","@id":"https:\/\/www.pesotec.fi\/#\/schema\/logo\/image\/","url":"https:\/\/www.pesotec.fi\/wp-content\/uploads\/2025\/05\/cropped-Artboard-5512-e1748263659590.png","contentUrl":"https:\/\/www.pesotec.fi\/wp-content\/uploads\/2025\/05\/cropped-Artboard-5512-e1748263659590.png","width":400,"height":112,"caption":"LVI-suunnittelu Pesotec Oy"},"image":{"@id":"https:\/\/www.pesotec.fi\/#\/schema\/logo\/image\/"}}]}},"jetpack_sharing_enabled":true,"_links":{"self":[{"href":"https:\/\/www.pesotec.fi\/index.php?rest_route=\/wp\/v2\/pages\/13","targetHints":{"allow":["GET"]}}],"collection":[{"href":"https:\/\/www.pesotec.fi\/index.php?rest_route=\/wp\/v2\/pages"}],"about":[{"href":"https:\/\/www.pesotec.fi\/index.php?rest_route=\/wp\/v2\/types\/page"}],"author":[{"embeddable":true,"href":"https:\/\/www.pesotec.fi\/index.php?rest_route=\/wp\/v2\/users\/1"}],"replies":[{"embeddable":true,"href":"https:\/\/www.pesotec.fi\/index.php?rest_route=%2Fwp%2Fv2%2Fcomments&post=13"}],"version-history":[{"count":14,"href":"https:\/\/www.pesotec.fi\/index.php?rest_route=\/wp\/v2\/pages\/13\/revisions"}],"predecessor-version":[{"id":158,"href":"https:\/\/www.pesotec.fi\/index.php?rest_route=\/wp\/v2\/pages\/13\/revisions\/158"}],"wp:featuredmedia":[{"embeddable":true,"href":"https:\/\/www.pesotec.fi\/index.php?rest_route=\/wp\/v2\/media\/55"}],"wp:attachment":[{"href":"https:\/\/www.pesotec.fi\/index.php?rest_route=%2Fwp%2Fv2%2Fmedia&parent=13"}],"curies":[{"name":"wp","href":"https:\/\/api.w.org\/{rel}","templated":true}]}}